{"id":51,"date":"2016-12-23T23:28:21","date_gmt":"2016-12-23T22:28:21","guid":{"rendered":"http:\/\/balintawak-eskrima-concept.de\/?page_id=51"},"modified":"2022-08-13T15:48:47","modified_gmt":"2022-08-13T14:48:47","slug":"herkunft","status":"publish","type":"page","link":"https:\/\/balintawak.de\/?page_id=51","title":{"rendered":"Herkunft der Philippinischen Kampfk\u00fcnste"},"content":{"rendered":"<p><img loading=\"lazy\" decoding=\"async\" class=\"size-full wp-image-310 alignleft\" src=\"https:\/\/balintawak.de\/wp-content\/uploads\/2022\/08\/bild_text_01.gif\" alt=\"\" width=\"125\" height=\"169\" \/>Der folgende Bericht soll einen kurzen historischen \u00dcberblick \u00fcber die Entstehungsgeschichte der Philippinischen Kampfk\u00fcnste und die diese beeinflussenden Faktoren bieten.<\/p>\n<div align=\"justify\">\n<p>Die Philippinischen Kampfk\u00fcnste werden heute zumeist unter der Bezeichnung Filipino Martial Arts (FMA) zusammengefasst und auch Arnis, Eskrima oder Kali genannt. \u00fcber einen langen Zeitraum gab es zahlreiche Einwanderungswellen auf die Philippinen; z.B. aus Japan, China, S\u00fcdostasien (Indonesien), Indien und Arabien. Dies resultierte in einer Vermischung von Einfl\u00fcssen aus verschiedenen Kulturen. Alle diese Einwanderer brachten ihre eigenen Kriegsk\u00fcnste und ihre Waffen mit &#8211; was an sich nichts Ungew\u00f6hnliches ist. Au\u00dfergew\u00f6hnlich ist allerdings die Art, in der die Filipinos es schafften, die jeweiligen Vorteile der verschiedenen Kampfk\u00fcnste in ihre eigene Kriegskunst zu integrieren ohne dabei deren Nachteile zu \u00fcbernehmen. Indem sie auf diese Weise \u00fcber einige hundert Jahre mit jedem neuen System, welches auf die Philippinen gelangte, verfuhren, entwickelten die Filipinos das, was wir heute Arnis, Eskrima oder Kali nennen.<\/p>\n<p><img loading=\"lazy\" decoding=\"async\" class=\"size-full wp-image-311 alignleft\" src=\"https:\/\/balintawak.de\/wp-content\/uploads\/2022\/08\/bild_frame_06.jpg\" alt=\"\" width=\"186\" height=\"146\" \/>Sp\u00e4ter, w\u00e4hrend und aufgrund der spanischen Besetzung, mussten die Filipinos ihre K\u00fcnste heimlich lehren. Dies geschah einige Zeit nachdem einer der F\u00fchrer der \u00f6rtlichen St\u00e4mme, Lapu-Lapu, die Schlacht von Mactan (1521) gewonnen hatte. Er besiegte Magellan und seine spanischen Invasoren und diese mussten sich aus den Philippinen zur\u00fcckziehen (Magellan wurde get\u00f6tet). Einige Jahre sp\u00e4ter kehrten die Spanier mit mehr M\u00e4nnern und Gewehren zur\u00fcck. Die Philippinen wurden besetzt und blieben bis ins 20. Jahrhundert unter spanischer Herrschaft, als die USA die spanische Kolonie Philippinen kauften und bis zur japanischen Invasion 1941 besetzt hielten. Nach dem 2. Weltkrieg wurden die Philippinen unabh\u00e4ngig.<\/p>\n<p>In zweierlei Hinsicht war die spanische Besetzung wichtig f\u00fcr die FMA. Die spanischen Invasoren verboten das Tragen von Klingen und das Praktizieren der verschiedenen Philippinischen Kampfk\u00fcnste. So wurde das Lehren der FMA verschwiegen. Normalerweise wurde es nur innerhalb der jeweils eigenen Familie praktiziert, wodurch viele familientypische Stile entstanden. Die meisten der klingen- orientierten K\u00fcnste mussten zu Trainings- und Geheimhaltungszwecken auf Holzst\u00f6cke umstellen, da der Besitz von Klingen zu riskant war. Dadurch wurde der Rattanstock zur meist genutzten Waffe und die Techniken \u00e4nderten sich aufgrund dieser Entwicklung im Laufe der Zeit. Eine andere wichtige Entwicklung in Verbindung mit der spanischen Besetzung war, dass die Filipinos europ\u00e4ische Fechttechniken in die FMA einbetteten, so z.B. jene des espada y daga (Schwert und Dolch).<\/p>\n<p>Das Balintawak-Arnis\/Eskrima ist im Gro\u00dfen und Ganzen ein Stocksystem und nutzt den Stock nicht als Klingenersatz, sondern den Stock als eigene Waffenform. Es sucht es haupts\u00e4chlich den Kampf in der kurzen Distanz (Infight).<\/p>\n<\/div>\n","protected":false},"excerpt":{"rendered":"<p>Der folgende Bericht soll einen kurzen historischen \u00dcberblick \u00fcber die Entstehungsgeschichte der Philippinischen Kampfk\u00fcnste und die diese beeinflussenden Faktoren bieten. Die Philippinischen Kampfk\u00fcnste werden heute zumeist unter der Bezeichnung Filipino Martial Arts (FMA) zusammengefasst und auch Arnis, Eskrima oder Kali genannt. \u00fcber einen langen Zeitraum gab es zahlreiche Einwanderungswellen auf die Philippinen; z.B. aus Japan, &#8230; <a title=\"Herkunft der Philippinischen Kampfk\u00fcnste\" class=\"read-more\" href=\"https:\/\/balintawak.de\/?page_id=51\" aria-label=\"Mehr dazu unter Herkunft der Philippinischen Kampfk\u00fcnste\">Weiterlesen<\/a><\/p>\n","protected":false},"author":1,"featured_media":0,"parent":0,"menu_order":0,"comment_status":"closed","ping_status":"closed","template":"","meta":{"footnotes":""},"class_list":["post-51","page","type-page","status-publish"],"_links":{"self":[{"href":"https:\/\/balintawak.de\/index.php?rest_route=\/wp\/v2\/pages\/51","targetHints":{"allow":["GET"]}}],"collection":[{"href":"https:\/\/balintawak.de\/index.php?rest_route=\/wp\/v2\/pages"}],"about":[{"href":"https:\/\/balintawak.de\/index.php?rest_route=\/wp\/v2\/types\/page"}],"author":[{"embeddable":true,"href":"https:\/\/balintawak.de\/index.php?rest_route=\/wp\/v2\/users\/1"}],"replies":[{"embeddable":true,"href":"https:\/\/balintawak.de\/index.php?rest_route=%2Fwp%2Fv2%2Fcomments&post=51"}],"version-history":[{"count":8,"href":"https:\/\/balintawak.de\/index.php?rest_route=\/wp\/v2\/pages\/51\/revisions"}],"predecessor-version":[{"id":322,"href":"https:\/\/balintawak.de\/index.php?rest_route=\/wp\/v2\/pages\/51\/revisions\/322"}],"wp:attachment":[{"href":"https:\/\/balintawak.de\/index.php?rest_route=%2Fwp%2Fv2%2Fmedia&parent=51"}],"curies":[{"name":"wp","href":"https:\/\/api.w.org\/{rel}","templated":true}]}}