{"id":2,"date":"2016-05-10T03:48:21","date_gmt":"2016-05-10T03:48:21","guid":{"rendered":"http:\/\/wp452m.a10-52-158-154.qa.plesk.ru\/wordpress\/?page_id=2"},"modified":"2016-12-23T11:17:02","modified_gmt":"2016-12-23T10:17:02","slug":"sample-page","status":"publish","type":"page","link":"https:\/\/balintawak.de\/","title":{"rendered":"Balintawak Eskrima Concept"},"content":{"rendered":"<p>Das &#8218;Balintawak Eskrima Concept&#8216;-System wurde am 01.01.2010 von den Br\u00fcdern Oliver und Ren\u00e9 Reitz ins Leben gerufen. Beide Cheftrainer haben \u00fcber 30-j\u00e4hrige Erfahrung im Bereich der Philippinischen Kampfkunst als auch in diversen anderen Kampfk\u00fcnsten. Der Name &#8218;Balintawak&#8216; steht f\u00fcr den von Gro\u00dfmeister Ancion Venancio Bacon gegr\u00fcndeten Stil des Balintawak. Die beiden Br\u00fcder haben in direkter Linie \u00fcber 20 Jahre von GM Toni Veeck (NECOPA) gelernt. Dieser hat wiederum von GM Arnulfo Mongcal gelernt, der zu den 5 h\u00f6chsten Sch\u00fclern von &#8218;Anciong&#8216; Venancio Bacon geh\u00f6rte. Der Begriff &#8218;Eskrima&#8216; leitet sich vom spanischen &#8218;esgrima&#8216; ab, was soviel wie &#8218;Fechten&#8216; bedeutet. Das englische Wort &#8218;Concept&#8216; steht f\u00fcr die technischen Konzepte, die in dieser Kampfkunst umgesetzt werden.<\/p>\n<p>&nbsp;<\/p>\n<p>&nbsp;<\/p>\n","protected":false},"excerpt":{"rendered":"<p>Das &#8218;Balintawak Eskrima Concept&#8216;-System wurde am 01.01.2010 von den Br\u00fcdern Oliver und Ren\u00e9 Reitz ins Leben gerufen. Beide Cheftrainer haben \u00fcber 30-j\u00e4hrige Erfahrung im Bereich der Philippinischen Kampfkunst als auch in diversen anderen Kampfk\u00fcnsten. Der Name &#8218;Balintawak&#8216; steht f\u00fcr den von Gro\u00dfmeister Ancion Venancio Bacon gegr\u00fcndeten Stil des Balintawak. Die beiden Br\u00fcder haben in direkter &#8230; <a title=\"Balintawak Eskrima Concept\" class=\"read-more\" href=\"https:\/\/balintawak.de\/\" aria-label=\"Mehr dazu unter Balintawak Eskrima Concept\">Weiterlesen<\/a><\/p>\n","protected":false},"author":1,"featured_media":0,"parent":0,"menu_order":0,"comment_status":"closed","ping_status":"open","template":"","meta":{"footnotes":""},"class_list":["post-2","page","type-page","status-publish"],"_links":{"self":[{"href":"https:\/\/balintawak.de\/index.php?rest_route=\/wp\/v2\/pages\/2","targetHints":{"allow":["GET"]}}],"collection":[{"href":"https:\/\/balintawak.de\/index.php?rest_route=\/wp\/v2\/pages"}],"about":[{"href":"https:\/\/balintawak.de\/index.php?rest_route=\/wp\/v2\/types\/page"}],"author":[{"embeddable":true,"href":"https:\/\/balintawak.de\/index.php?rest_route=\/wp\/v2\/users\/1"}],"replies":[{"embeddable":true,"href":"https:\/\/balintawak.de\/index.php?rest_route=%2Fwp%2Fv2%2Fcomments&post=2"}],"version-history":[{"count":3,"href":"https:\/\/balintawak.de\/index.php?rest_route=\/wp\/v2\/pages\/2\/revisions"}],"predecessor-version":[{"id":133,"href":"https:\/\/balintawak.de\/index.php?rest_route=\/wp\/v2\/pages\/2\/revisions\/133"}],"wp:attachment":[{"href":"https:\/\/balintawak.de\/index.php?rest_route=%2Fwp%2Fv2%2Fmedia&parent=2"}],"curies":[{"name":"wp","href":"https:\/\/api.w.org\/{rel}","templated":true}]}}