{"id":101,"date":"2017-01-01T10:55:50","date_gmt":"2017-01-01T09:55:50","guid":{"rendered":"http:\/\/balintawak-eskrima-concept.de\/?page_id=101"},"modified":"2022-12-30T17:37:56","modified_gmt":"2022-12-30T16:37:56","slug":"meister","status":"publish","type":"page","link":"https:\/\/balintawak.de\/?page_id=101","title":{"rendered":"Gro\u00dfmeister"},"content":{"rendered":"\n<div align=\"justify\">\n<table width=\"100%\">\n<tbody>\n<tr>\n<td width=\"100%\">\n<table width=\"100%\">\n<tbody>\n<tr>\n<td width=\"20%\" valign=\"top\">\n<table width=\"100%\">\n<tbody>\n<tr>\n<td><center><\/center><center><img loading=\"lazy\" decoding=\"async\" class=\"alignnone size-full wp-image-320\" src=\"https:\/\/balintawak.de\/wp-content\/uploads\/2022\/08\/bild_frame_20-1-e1660401990967.jpg\" alt=\"\" width=\"186\" height=\"146\"><\/center><center><b>Oliver Reitz<\/b><\/center><center><center>Gro\u00dfmeister im Balintawak Arnis Eskrima<\/center><\/center><\/td>\n<\/tr>\n<\/tbody>\n<\/table>\n<\/td>\n<td width=\"80%\">\n<table width=\"100%\">\n<tbody>\n<tr>\n<td width=\"40%\">Name:<\/td>\n<td width=\"60%\" bgcolor=\"#DDDDDD\">Oliver Reitz<\/td>\n<\/tr>\n<tr>\n<td>&nbsp;<\/td>\n<td>&nbsp;<\/td>\n<\/tr>\n<tr>\n<td>Alter:<\/td>\n<td bgcolor=\"#DDDDDD\">Jahrgang 1970<\/td>\n<\/tr>\n<tr>\n<td>&nbsp;<\/td>\n<td>&nbsp;<\/td>\n<\/tr>\n<tr>\n<td>Graduierung im Stil:<\/td>\n<td bgcolor=\"#DDDDDD\">Gro\u00dfmeister im Balintawak Arnis Eskrima<\/td>\n<\/tr>\n<tr>\n<td>&nbsp;<\/td>\n<td>&nbsp;<\/td>\n<\/tr>\n<\/tbody>\n<\/table>\n<\/td>\n<\/tr>\n<tr>\n<td colspan=\"2\">\n<table width=\"100%\">\n<tbody>\n<tr>\n<td>&nbsp;<\/td>\n<td><center><b>Werdegang<\/b><\/center><\/td>\n<\/tr>\n<tr>\n<td>&nbsp;<\/td>\n<td>&nbsp;<\/td>\n<\/tr>\n<tr>\n<td>September 20220<\/td>\n<td bgcolor=\"#DDDDDD\">Ernennung zum Gro\u00dfmeister des Balintawak Arnis\/Eskrima durch Gro\u00dfmeister Toni Veeck, den Stilerben der Balintawak Arnis\/Eskrima Variante nach Altgro\u00dfmeister Arnulfo Mongcal. (www.necopa.de)<\/td>\n<\/tr>\n<tr>\n<td>&nbsp;<\/td>\n<td>&nbsp;<\/td>\n<\/tr>\n<tr>\n<td>July 2015<\/td>\n<td bgcolor=\"#DDDDDD\">Ernennung zum Meister des Balintawak Arnis\/Eskrima durch Gro\u00dfmeister Toni Veeck, den Stilerben der Balintawak Arnis\/Eskrima Variante nach Altgro\u00dfmeister Arnulfo Mongcal. (www.necopa.de)<\/td>\n<\/tr>\n<tr>\n<td>&nbsp;<\/td>\n<td>&nbsp;<\/td>\n<\/tr>\n<tr>\n<td>2010-2014<\/td>\n<td bgcolor=\"#DDDDDD\">2010 Level 2 im Skorpion-knife (Messerkampf) und Ehrenmitgliedschaft in der Skorpion- Fight- Group<\/td>\n<\/tr>\n<tr>\n<td>&nbsp;<\/td>\n<td>&nbsp;<\/td>\n<\/tr>\n<tr>\n<td>&nbsp;<\/td>\n<td bgcolor=\"#DDDDDD\">Gr\u00fcndung eines eigenst\u00e4ndigen Systems (Balintawak Eskrima Concepts)<\/td>\n<\/tr>\n<tr>\n<td>&nbsp;<\/td>\n<td>&nbsp;<\/td>\n<\/tr>\n<tr>\n<td valign=\"top\">2009 \/ 2003<\/td>\n<td bgcolor=\"#DDDDDD\">2009 Level 2 im San-Michele-Stil (Sizilianischer Messerkampf)\n<p>&nbsp;<\/p>\n<p>\u00dcbungsleiter der Arts-of-Mars-Academy (Europ\u00e4ische Kampfk\u00fcnste), Schwerpunkte: Langes Schwert und I.33 (Schwert und Buckler)<\/p>\n<p>2009 Level 1 im Skorpion-knife (Messerkampf)<\/p>\n<\/td>\n<\/tr>\n<tr>\n<td>&nbsp;<\/td>\n<td>&nbsp;<\/td>\n<\/tr>\n<tr>\n<td>&nbsp;<\/td>\n<td bgcolor=\"#DDDDDD\">2008 Level 1 im San-Michele-Stil (Sizilianischer Messerkampf)<\/td>\n<\/tr>\n<tr>\n<td>&nbsp;<\/td>\n<td>&nbsp;<\/td>\n<\/tr>\n<tr>\n<td>&nbsp;<\/td>\n<td bgcolor=\"#DDDDDD\">Im Jahr 2003 erfolgt ein weiterer 2-monatiger Aufenthalt auf den Philippinen zur Erforschung des Balintawak Stiles bei verschiedenen Gro\u00dfmeistern und Meistern: Arnulfo Mongcal, Nick Elizar, Rodrigo Maranga, John Villasin, Chito Velez, Romeo Dela Rosa, Dr. Abraham Zerna, Sergio Arcel, Johnny Chiuten, Jodie Lopez und vielen mehr.<\/td>\n<\/tr>\n<tr>\n<td>&nbsp;<\/td>\n<td>&nbsp;<\/td>\n<\/tr>\n<tr>\n<td width=\"20%\" valign=\"top\">2002 \/ 1999<\/td>\n<td bgcolor=\"#DDDDDD\">Nach erfolgreichem Ablegen des C-Lehrganges (dritter Teil am 18.03.2002 folgt die Ernennung zum<br>Professionellen Arnis\/Eskrima\/Kali-Lehrer, kurz: Professor des Arnis\/Eskrima\/Kali (kein Akademischer Titel)<\/td>\n<\/tr>\n<tr>\n<td>&nbsp;<\/td>\n<td>&nbsp;<\/td>\n<\/tr>\n<tr>\n<td>&nbsp;<\/td>\n<td bgcolor=\"#DDDDDD\">Im Jahr 2001 Wahl zum ersten Vorsitzenden der Balintawak Group e.V. (bis 2008)<\/td>\n<\/tr>\n<tr>\n<td>&nbsp;<\/td>\n<td>&nbsp;<\/td>\n<\/tr>\n<tr>\n<td>&nbsp;<\/td>\n<td bgcolor=\"#DDDDDD\">Im Jahr 2000 Bestehen des B-Lehrganges (zweiter Teil advance level) zum Professor<\/td>\n<\/tr>\n<tr>\n<td>&nbsp;<\/td>\n<td>&nbsp;<\/td>\n<\/tr>\n<tr>\n<td>&nbsp;<\/td>\n<td bgcolor=\"#DDDDDD\">Ende 1999 Bestehen des A-Lehrganges (erster Teil advance level) zum Professor<\/td>\n<\/tr>\n<tr>\n<td>&nbsp;<\/td>\n<td>&nbsp;<\/td>\n<\/tr>\n<tr>\n<td width=\"20%\">&nbsp;<\/td>\n<td width=\"80%\" bgcolor=\"#DDDDDD\">1999 3-w\u00f6chige Reise mit Gro\u00dfmeister Toni Veeck auf die Philippinen. Besuch verschiedener Gro\u00dfmeister, Meister und Instruktoren: z.B. Arnulfo Mongcal, Bobby Tabimina, Ciriaco Cacoy Canete u.a.<\/td>\n<\/tr>\n<tr>\n<td>&nbsp;<\/td>\n<td>&nbsp;<\/td>\n<\/tr>\n<tr>\n<td width=\"20%\">&nbsp;<\/td>\n<td width=\"80%\" bgcolor=\"#DDDDDD\">Anfang 1999 Er\u00f6ffnung einer NECOPA Gruppe in Bernkastel-Kues.<\/td>\n<\/tr>\n<tr>\n<td>&nbsp;<\/td>\n<td>&nbsp;<\/td>\n<\/tr>\n<tr>\n<td>1998 \/ 1989<\/td>\n<td bgcolor=\"#DDDDDD\">10. Sch\u00fclergrad WT (EWTO) 1991-1998<\/td>\n<\/tr>\n<tr>\n<td>&nbsp;<\/td>\n<td>&nbsp;<\/td>\n<\/tr>\n<tr>\n<td>&nbsp;<\/td>\n<td bgcolor=\"#DDDDDD\">Ende 1992 Pr\u00fcfung zum NECOPA- 4. Instruktor und Ernnenung zum Cheftrainer der NECOPA.<\/td>\n<\/tr>\n<tr>\n<td>&nbsp;<\/td>\n<td>&nbsp;<\/td>\n<\/tr>\n<tr>\n<td>&nbsp;<\/td>\n<td bgcolor=\"#DDDDDD\">Ende 1992 Pr\u00fcfung zum NECOPA- 3. Instruktor.<\/td>\n<\/tr>\n<tr>\n<td>&nbsp;<\/td>\n<td>&nbsp;<\/td>\n<\/tr>\n<tr>\n<td>&nbsp;<\/td>\n<td bgcolor=\"#DDDDDD\">Ende 1991 Pr\u00fcfung zum NECOPA- 2. Instruktor.<\/td>\n<\/tr>\n<tr>\n<td>&nbsp;<\/td>\n<td>&nbsp;<\/td>\n<\/tr>\n<tr>\n<td>&nbsp;<\/td>\n<td bgcolor=\"#DDDDDD\">Anfang 1991 Pr\u00fcfung zum NECOPA- 1. Instruktor und Pr\u00fcfung zum 2. Dan im HO-SIN-DO Karate.<\/td>\n<\/tr>\n<tr>\n<td>&nbsp;<\/td>\n<td>&nbsp;<\/td>\n<\/tr>\n<tr>\n<td>&nbsp;<\/td>\n<td bgcolor=\"#DDDDDD\">1990 Pr\u00fcfung zum NECOPA-Arnispraktiker und Pr\u00fcfung zum 1. Dan im HO-SIN-DO Karate.<\/td>\n<\/tr>\n<tr>\n<td>&nbsp;<\/td>\n<td>&nbsp;<\/td>\n<\/tr>\n<tr>\n<td>&nbsp;<\/td>\n<td bgcolor=\"#DDDDDD\">Lehrt\u00e4tigkeit in der Balintawak Group Morbach e.V.<\/td>\n<\/tr>\n<tr>\n<td>&nbsp;<\/td>\n<td>&nbsp;<\/td>\n<\/tr>\n<tr>\n<td>1989 \/ 1986<\/td>\n<td bgcolor=\"#DDDDDD\">Ab 1989 studierte er die Balintawak Variante<br>von Altgro\u00dfmeister Arnulfo Mongcal: New Concept of Philippine Arnis (NECOPA)<\/td>\n<\/tr>\n<tr>\n<td>&nbsp;<\/td>\n<td>&nbsp;<\/td>\n<\/tr>\n<tr>\n<td>&nbsp;<\/td>\n<td bgcolor=\"#DDDDDD\">Ab 1988: Assistenztrainer in der Balintawak Arnis Group e.V. Morbach.<\/td>\n<\/tr>\n<tr>\n<td>&nbsp;<\/td>\n<td>&nbsp;<\/td>\n<\/tr>\n<tr>\n<td>&nbsp;<\/td>\n<td bgcolor=\"#DDDDDD\">Studium der Teofilo Velez-Variante des Balintawak<br>unter dem damaligen Bundestrainer Toni Veeck.<\/td>\n<\/tr>\n<tr>\n<td>&nbsp;<\/td>\n<td>&nbsp;<\/td>\n<\/tr>\n<tr>\n<td>1986<\/td>\n<td bgcolor=\"#DDDDDD\">Beginn er sein Training in der Balintawak Arnis Group e.V.<\/td>\n<\/tr>\n<\/tbody>\n<\/table>\n<\/td>\n<\/tr>\n<\/tbody>\n<\/table>\n<\/td>\n<\/tr>\n<\/tbody>\n<\/table>\n<\/div>\n","protected":false},"excerpt":{"rendered":"<p>Oliver ReitzGro\u00dfmeister im Balintawak Arnis Eskrima Name: Oliver Reitz &nbsp; &nbsp; Alter: Jahrgang 1970 &nbsp; &nbsp; Graduierung im Stil: Gro\u00dfmeister im Balintawak Arnis Eskrima &nbsp; &nbsp; &nbsp; Werdegang &nbsp; &nbsp; September 20220 Ernennung zum Gro\u00dfmeister des Balintawak Arnis\/Eskrima durch Gro\u00dfmeister Toni Veeck, den Stilerben der Balintawak Arnis\/Eskrima Variante nach Altgro\u00dfmeister Arnulfo Mongcal. (www.necopa.de) &nbsp; &nbsp; &#8230; <a title=\"Gro\u00dfmeister\" class=\"read-more\" href=\"https:\/\/balintawak.de\/?page_id=101\" aria-label=\"Mehr dazu unter Gro\u00dfmeister\">Weiterlesen<\/a><\/p>\n","protected":false},"author":1,"featured_media":0,"parent":0,"menu_order":0,"comment_status":"closed","ping_status":"closed","template":"","meta":{"footnotes":""},"class_list":["post-101","page","type-page","status-publish"],"_links":{"self":[{"href":"https:\/\/balintawak.de\/index.php?rest_route=\/wp\/v2\/pages\/101","targetHints":{"allow":["GET"]}}],"collection":[{"href":"https:\/\/balintawak.de\/index.php?rest_route=\/wp\/v2\/pages"}],"about":[{"href":"https:\/\/balintawak.de\/index.php?rest_route=\/wp\/v2\/types\/page"}],"author":[{"embeddable":true,"href":"https:\/\/balintawak.de\/index.php?rest_route=\/wp\/v2\/users\/1"}],"replies":[{"embeddable":true,"href":"https:\/\/balintawak.de\/index.php?rest_route=%2Fwp%2Fv2%2Fcomments&post=101"}],"version-history":[{"count":9,"href":"https:\/\/balintawak.de\/index.php?rest_route=\/wp\/v2\/pages\/101\/revisions"}],"predecessor-version":[{"id":341,"href":"https:\/\/balintawak.de\/index.php?rest_route=\/wp\/v2\/pages\/101\/revisions\/341"}],"wp:attachment":[{"href":"https:\/\/balintawak.de\/index.php?rest_route=%2Fwp%2Fv2%2Fmedia&parent=101"}],"curies":[{"name":"wp","href":"https:\/\/api.w.org\/{rel}","templated":true}]}}